{"id":792,"date":"2020-03-21T12:40:44","date_gmt":"2020-03-21T16:40:44","guid":{"rendered":"http:\/\/www.aneveningofmurder.com\/?post_type=product&#038;p=792"},"modified":"2025-05-27T04:58:15","modified_gmt":"2025-05-27T08:58:15","slug":"une-soiree-de-meurtre-cadeau-certifie","status":"publish","type":"product","link":"https:\/\/www.aneveningofmurder.com\/?product=une-soiree-de-meurtre-cadeau-certifie","title":{"rendered":"UNE SOIREE DE MEURTRE &#8211;  CADEAU CERTIFI\u00c9"},"content":{"rendered":"<p>Certificat-cadeau \u00e9changeable contre un jeu de soci\u00e9t\u00e9 Murder Mystery Party \u00e0 donner en toute occasion. Id\u00e9al pour un cadeau d&#8217;anniversaire \/ cadeau de vacances \/ h\u00f4te \/ cadeau d&#8217;h\u00f4tesse.<\/p>\n<p>Laissez le destinataire du ch\u00e8que-cadeau choisir son propre th\u00e8me! 17 titres en anglais et 8 titres en fran\u00e7ais au choix. Une fois achet\u00e9, je vous enverrai par e-mail un ch\u00e8que-cadeau \u00e9lectronique (\u00e9changeable contre un jeu Murder Mystery Party) avec un code unique. Imprimez (ou envoyez par courriel) votre ch\u00e8que-cadeau pour le destinataire de votre cadeau.<\/p>\n","protected":false},"excerpt":{"rendered":"<p>Certificat-cadeau \u00e9changeable contre un jeu de soci\u00e9t\u00e9 Murder Mystery Party \u00e0 donner en toute occasion. Id\u00e9al pour un cadeau d&#8217;anniversaire \/ cadeau de vacances \/ h\u00f4te \/ cadeau d&#8217;h\u00f4tesse. Laissez le destinataire du ch\u00e8que-cadeau choisir son propre th\u00e8me! 17 titres en anglais et 8 titres en fran\u00e7ais au choix. Une fois achet\u00e9, je vous enverrai [&hellip;]<\/p>\n","protected":false},"featured_media":793,"comment_status":"open","ping_status":"closed","template":"","meta":{"om_disable_all_campaigns":false,"_monsterinsights_skip_tracking":false,"_monsterinsights_sitenote_active":false,"_monsterinsights_sitenote_note":"","_monsterinsights_sitenote_category":0},"product_cat":[19],"product_tag":[],"aioseo_notices":[],"_links":{"self":[{"href":"https:\/\/www.aneveningofmurder.com\/index.php?rest_route=\/wp\/v2\/product\/792"}],"collection":[{"href":"https:\/\/www.aneveningofmurder.com\/index.php?rest_route=\/wp\/v2\/product"}],"about":[{"href":"https:\/\/www.aneveningofmurder.com\/index.php?rest_route=\/wp\/v2\/types\/product"}],"replies":[{"embeddable":true,"href":"https:\/\/www.aneveningofmurder.com\/index.php?rest_route=%2Fwp%2Fv2%2Fcomments&post=792"}],"wp:featuredmedia":[{"embeddable":true,"href":"https:\/\/www.aneveningofmurder.com\/index.php?rest_route=\/wp\/v2\/media\/793"}],"wp:attachment":[{"href":"https:\/\/www.aneveningofmurder.com\/index.php?rest_route=%2Fwp%2Fv2%2Fmedia&parent=792"}],"wp:term":[{"taxonomy":"product_cat","embeddable":true,"href":"https:\/\/www.aneveningofmurder.com\/index.php?rest_route=%2Fwp%2Fv2%2Fproduct_cat&post=792"},{"taxonomy":"product_tag","embeddable":true,"href":"https:\/\/www.aneveningofmurder.com\/index.php?rest_route=%2Fwp%2Fv2%2Fproduct_tag&post=792"}],"curies":[{"name":"wp","href":"https:\/\/api.w.org\/{rel}","templated":true}]}}