{"id":73,"date":"2019-06-24T15:55:56","date_gmt":"2019-06-24T15:55:56","guid":{"rendered":"http:\/\/stage.aneveningofmurder.com\/?post_type=product&#038;p=73"},"modified":"2026-03-20T09:20:14","modified_gmt":"2026-03-20T13:20:14","slug":"lhiver-meurtrier","status":"publish","type":"product","link":"https:\/\/www.aneveningofmurder.com\/?product=lhiver-meurtrier","title":{"rendered":"L\u2019HIVER MEURTRIER"},"content":{"rendered":"<p><strong>L\u2019HIVER MEURTRIER<\/strong><\/p>\n<p>L\u2019action se passe dans une station d\u2019hiver fr\u00e9quent\u00e9e par le\u00a0gratin.\u00a0 Ann\u00e9e apr\u00e8s ann\u00e9e, certains clients reviennent \u00e0\u00a0l\u2019H\u00f4tel des Pics, pour ses pentes vertigineuses et ses vues \u00e0\u00a0couper le souffle. \u00a0Lisa Sherman, fille du regrett\u00e9 Charles\u00a0Sherman, devait h\u00e9riter, trois jours plus tard, d\u2019une fortune\u00a0d\u2019un milliard et demi de dollars.<\/p>\n<p>Il fut quelques personnes pour dire que *le vieux Sherman*\u00a0avait fait sentir sa pr\u00e9sence le soir du meurtre.\u00a0 S\u2019il ne\u00a0pouvait pas emporter son argent avec lui, au moins allait-il\u00a0s\u2019assurer que ses volont\u00e9s soient respect\u00e9es.<\/p>\n<p>Le vent soufflait furieusement du Nord, ce soir-l\u00e0\u00a0s\u2019engouffrant entre les montagnes, tournoyant entre les\u00a0arbres, avant de s\u2019abattre en mugissant sure l\u2019H\u00f4tel des Pics!\u00a0Les fen\u00eatres vibraient, les murs geignaient\u2026Personne\u00a0n\u2019aurait pu entendre Lisa crier lorsqu\u2019elle plongea dans le vide\u00a0par-dessus la rambarde de son balcon.<\/p>\n<p>Quelques minutes plus tard, la lune per\u00e7ait \u00e0 travers les\u00a0nuages et le vent tombait, subitement :\u00a0 Lisa gisait sans vie\u00a0au pied de son balcon\u2026On l\u2019avait pr\u00e9cipit\u00e9e dans le vide\u2026<\/p>\n<p>On l\u2019avait pouss\u00e9e\u2026<\/p>\n<p><strong>Liste des suspects :<\/strong><\/p>\n<p><strong>Lily Gonzales\u00a0: <\/strong>Animatrice sportive \u00e0 l\u2019H\u00f4tel des Pics.\u00a0 Elle r\u00eave d\u2019\u00eatre\u00a0Skieuse olympique.\u00a0 Jusqu\u2019o\u00f9 irait-elle pour l\u2019or ?<\/p>\n<p><strong>Gregory Fall\u00a0: <\/strong>Moniteur de ski ayant un faible pour les riches et jolies\u00a0femmes.\u00a0 Ses meilleurs coups ne sont pas sur les pentes\u2026<\/p>\n<p><strong>Alice Sherman\u00a0: <\/strong>S\u0153ur jumelle identique de Lisa.\u00a0 Que sait-elle sur la mort myst\u00e9rieuse de sa s\u0153ur ?<\/p>\n<p><strong>Steling MacFarland\u00a0: <\/strong>Homme d\u2019affaires aguerri.\u00a0 Vouloir c\u2019est pouvoir, telle est sa devise.\u00a0 Que veut-il au juste ?<\/p>\n<p><strong>Iris Hudson\u00a0: <\/strong>Directrice de l\u2019H\u00f4tel et demi-s\u0153ur de la victime.\u00a0 L\u2019H\u00f4tel des Pics, c\u2019est toute sa vie.\u00a0 Assassinerait-elle pour d\u00e9fendre ce qu\u2019elle consid\u00e8re son bien ?<\/p>\n<p><strong>Le docteur Max Barney\u00a0: <\/strong>Psychiatre au pass\u00e9 douteux, sp\u00e9cialiste d\u2019hypnotisme. Aurait-il mesm\u00e9ris\u00e9 l\u2019un \u2013 ou l\u2019une \u2013 de ses patients ?<\/p>\n<p><strong>Grace MacFerland\u00a0: <\/strong>\u00c9pouse cupide et hypocrite aguerrie.\u00a0 Quels sont ses secrets desseins ?<\/p>\n<p><strong>Chris Granger\u00a0: <\/strong>Charmant Texan, farouchement \u00e9pris de sa libert\u00e9.\u00a0 Il aime vivre sur la corde raide.\u00a0 Sa pr\u00e9sence \u00e0 l\u2019h\u00f4tel n\u2019est-elle due qu\u2019au hasard ?<\/p>\n<p><strong>CONTENU &#8211; Download &#8211; PDF files and Audio file<\/strong><\/p>\n<ol>\n<li>Le programme de la soir\u00e9e.<\/li>\n<li>Invitation.<\/li>\n<li>Huit livrets individuels.<\/li>\n<li>\u00c9tiquettes pour chaque joueur.<\/li>\n<li>Dossier Audio<\/li>\n<li>La cl\u00e9 de l\u2019\u00e9nigme fournie par l\u2019auteur.<\/li>\n<\/ol>\n","protected":false},"excerpt":{"rendered":"<p>L\u2019HIVER MEURTRIER L\u2019action se passe dans une station d\u2019hiver fr\u00e9quent\u00e9e par le\u00a0gratin.\u00a0 Ann\u00e9e apr\u00e8s ann\u00e9e, certains clients reviennent \u00e0\u00a0l\u2019H\u00f4tel des Pics, pour ses pentes vertigineuses et ses vues \u00e0\u00a0couper le souffle. \u00a0Lisa Sherman, fille du regrett\u00e9 Charles\u00a0Sherman, devait h\u00e9riter, trois jours plus tard, d\u2019une fortune\u00a0d\u2019un milliard et demi de dollars. Il fut quelques personnes pour [&hellip;]<\/p>\n","protected":false},"featured_media":68,"comment_status":"open","ping_status":"closed","template":"","meta":{"om_disable_all_campaigns":false,"_monsterinsights_skip_tracking":false,"_monsterinsights_sitenote_active":false,"_monsterinsights_sitenote_note":"","_monsterinsights_sitenote_category":0},"product_cat":[19],"product_tag":[],"aioseo_notices":[],"_links":{"self":[{"href":"https:\/\/www.aneveningofmurder.com\/index.php?rest_route=\/wp\/v2\/product\/73"}],"collection":[{"href":"https:\/\/www.aneveningofmurder.com\/index.php?rest_route=\/wp\/v2\/product"}],"about":[{"href":"https:\/\/www.aneveningofmurder.com\/index.php?rest_route=\/wp\/v2\/types\/product"}],"replies":[{"embeddable":true,"href":"https:\/\/www.aneveningofmurder.com\/index.php?rest_route=%2Fwp%2Fv2%2Fcomments&post=73"}],"wp:featuredmedia":[{"embeddable":true,"href":"https:\/\/www.aneveningofmurder.com\/index.php?rest_route=\/wp\/v2\/media\/68"}],"wp:attachment":[{"href":"https:\/\/www.aneveningofmurder.com\/index.php?rest_route=%2Fwp%2Fv2%2Fmedia&parent=73"}],"wp:term":[{"taxonomy":"product_cat","embeddable":true,"href":"https:\/\/www.aneveningofmurder.com\/index.php?rest_route=%2Fwp%2Fv2%2Fproduct_cat&post=73"},{"taxonomy":"product_tag","embeddable":true,"href":"https:\/\/www.aneveningofmurder.com\/index.php?rest_route=%2Fwp%2Fv2%2Fproduct_tag&post=73"}],"curies":[{"name":"wp","href":"https:\/\/api.w.org\/{rel}","templated":true}]}}