{"id":72,"date":"2019-06-24T16:12:42","date_gmt":"2019-06-24T16:12:42","guid":{"rendered":"http:\/\/stage.aneveningofmurder.com\/?post_type=product&#038;p=72"},"modified":"2025-05-26T21:03:08","modified_gmt":"2025-05-27T01:03:08","slug":"voix-doutre-tombe","status":"publish","type":"product","link":"https:\/\/www.aneveningofmurder.com\/?product=voix-doutre-tombe","title":{"rendered":"VOIX D\u2019OUTRE TOMBE"},"content":{"rendered":"<p><strong>Voix d\u2019outre-tombre :<\/strong><br \/>\nII y a six ans, Lorraine de la Souche, la riche \u00e9pouse du c\u00e9l\u00e8bre avocat Antoine de la Souche, mourait chez elle dans de myst\u00e9rieuses circonstances. L\u2019autopsie r\u00e9v\u00e9la qu\u2019elle avait \u00e9t\u00e9 empoisonn\u00e9e au cyanure de potassium.\u00a0L\u2019enqu\u00eate conclut qu\u2019il n\u2019y avait pas de preuves suffisantes pour ouvrir un proc\u00e8s. La mort fut attribu\u00e9e \u00e0 une\u00a0personne ou \u00e0 des personnes inconnues. L\u2019affaire n\u2019a jamais pu \u00eatre \u00e9lucid\u00e9e.<\/p>\n<p><strong>Les suspects :<\/strong><br \/>\n<strong>Catherine Machon :\u00a0\u00a0<\/strong>Fille de Lorraine et d\u2019Antoine. Obs\u00e9d\u00e9e par I\u2019id\u00e9e que l\u2019 esprit de sa m\u00e8re\u00a0r\u00e9v\u00e8lera les secrets qui entourent sa mort.<\/p>\n<p><strong>Le docteur Gaston Lenoir :\u00a0\u00a0<\/strong>Le m\u00e9decin de famille des de la Souche. A \u00e9t\u00e9 chirurgien dans un grand\u00a0h\u00f4pital. Exerce aujourd\u2019hui \u00e0 son propre compte, de pr\u00e9f\u00e9rence aupr\u00e8s\u00a0des riches.<\/p>\n<p><strong>Chantal Tarchivel :\u00a0\u00a0<\/strong>Amie d\u2019enfance de Lorraine. Riche femme du monde, sans moyens\u00a0d\u2019existence apparents.<\/p>\n<p><strong>Antoine de la Souche :\u00a0\u00a0<\/strong>\u00c9poux de Lorraine (la victime). Principal associ\u00e9 d\u2019une \u00e9tude\u00a0d\u2019avocats, tr\u00e8s influent dans Ie milieu des affaires et dans la<br \/>\ncommunaut\u00e9. A \u00e9pous\u00e9 Brigitte Bodart en troisi\u00e8mes noces, un an\u00a0apr\u00e8s la mort de Lorraine.<\/p>\n<p><strong>Madame Rita :\u00a0\u00a0<\/strong>Voyante c\u00e9l\u00e8bre. Plusieurs de ses clients sont des gens tr\u00e8s ais\u00e9s.\u00a0\u00c9tait l\u2019amie et la confidente de Lorraine.<\/p>\n<p><strong>Brigitte Bodart &#8211; de la Souche :\u00a0\u00a0<\/strong>Ancienne actrice. Derni\u00e8re \u00e9pouse d\u2019Antoine. L\u2019argent et I\u2019importance\u00a0sociale de celui-ci lui permettent de continuer \u00e0 ener la vie fastueuse\u00a0\u00e0 laquelle elle \u00e9tait habitu\u00e9e.<\/p>\n<p><strong>Rejean Machon :\u00a0\u00a0<\/strong>Politicien. \u00c9poux de Catherine. Fait une brillante carri\u00e8re depuis la mort\u00a0de Lorraine, six ans auparavant.<\/p>\n<p><strong>Aldo Bertoni :\u00a0\u00a0<\/strong>Fils d\u2019Antoine et de sa premi\u00e8re \u00e9pouse. M\u00e8ne une existence agit\u00e9e\u00a0dans les milieux de la course automobile. Casse-cou, t\u00eate br\u00fbl\u00e9e, adore Ie danger.<\/p>\n<p><strong>CONTENU &#8211; Download &#8211; PDF files and Audio file<\/strong><\/p>\n<ol>\n<li>Le programme de la soir\u00e9e.<\/li>\n<li>Invitation.<\/li>\n<li>Huit livrets individuels.<\/li>\n<li>\u00c9tiquettes pour chaque joueur.<\/li>\n<li>Dossier Audio<\/li>\n<li>La cl\u00e9 de l\u2019\u00e9nigme fournie par l\u2019auteur.<\/li>\n<\/ol>\n","protected":false},"excerpt":{"rendered":"<p>Voix d\u2019outre-tombre : II y a six ans, Lorraine de la Souche, la riche \u00e9pouse du c\u00e9l\u00e8bre avocat Antoine de la Souche, mourait chez elle dans de myst\u00e9rieuses circonstances. L\u2019autopsie r\u00e9v\u00e9la qu\u2019elle avait \u00e9t\u00e9 empoisonn\u00e9e au cyanure de potassium.\u00a0L\u2019enqu\u00eate conclut qu\u2019il n\u2019y avait pas de preuves suffisantes pour ouvrir un proc\u00e8s. La mort fut attribu\u00e9e [&hellip;]<\/p>\n","protected":false},"featured_media":67,"comment_status":"open","ping_status":"closed","template":"","meta":{"om_disable_all_campaigns":false,"_monsterinsights_skip_tracking":false,"_monsterinsights_sitenote_active":false,"_monsterinsights_sitenote_note":"","_monsterinsights_sitenote_category":0},"product_cat":[19],"product_tag":[],"aioseo_notices":[],"_links":{"self":[{"href":"https:\/\/www.aneveningofmurder.com\/index.php?rest_route=\/wp\/v2\/product\/72"}],"collection":[{"href":"https:\/\/www.aneveningofmurder.com\/index.php?rest_route=\/wp\/v2\/product"}],"about":[{"href":"https:\/\/www.aneveningofmurder.com\/index.php?rest_route=\/wp\/v2\/types\/product"}],"replies":[{"embeddable":true,"href":"https:\/\/www.aneveningofmurder.com\/index.php?rest_route=%2Fwp%2Fv2%2Fcomments&post=72"}],"wp:featuredmedia":[{"embeddable":true,"href":"https:\/\/www.aneveningofmurder.com\/index.php?rest_route=\/wp\/v2\/media\/67"}],"wp:attachment":[{"href":"https:\/\/www.aneveningofmurder.com\/index.php?rest_route=%2Fwp%2Fv2%2Fmedia&parent=72"}],"wp:term":[{"taxonomy":"product_cat","embeddable":true,"href":"https:\/\/www.aneveningofmurder.com\/index.php?rest_route=%2Fwp%2Fv2%2Fproduct_cat&post=72"},{"taxonomy":"product_tag","embeddable":true,"href":"https:\/\/www.aneveningofmurder.com\/index.php?rest_route=%2Fwp%2Fv2%2Fproduct_tag&post=72"}],"curies":[{"name":"wp","href":"https:\/\/api.w.org\/{rel}","templated":true}]}}