{"id":70,"date":"2019-06-24T16:26:34","date_gmt":"2019-06-24T16:26:34","guid":{"rendered":"http:\/\/stage.aneveningofmurder.com\/?post_type=product&#038;p=70"},"modified":"2025-05-26T21:07:46","modified_gmt":"2025-05-27T01:07:46","slug":"la-derniere-grande-bouffe","status":"publish","type":"product","link":"https:\/\/www.aneveningofmurder.com\/?product=la-derniere-grande-bouffe","title":{"rendered":"LA DERNIERE GRANDE BOUFFE"},"content":{"rendered":"<p><strong>La Derni\u00e8re Grande Bouffe<\/strong><br \/>\nLes Rockley donnaient l\u2019un de leurs somptueux d\u00eeners. Chez\u00a0eux, tout \u00e9tait pr\u00e9texte \u00e0 f\u00eate gastronomique : anniversaires,\u00a0bapt\u00eames, fian\u00e7ailles, retrouvailles, Halloween, Carnaval, soir\u00e9es\u00a0de bienfaisance, \u00e9v\u00e9nements mondains&#8230; Cette fois-ci, la liste\u00a0d\u2019invit\u00e9s \u00e9tait moins longue que d\u2019habitude \u2014 que des parents et\u00a0des amis proches. La table \u00e9tait n\u00e9anmoins royalement dress\u00e9e.\u00a0Encore une fois, Victoria s\u2019\u00e9tait surpass\u00e9e : jusqu\u2019aux verres sertis\u00a0d\u2019or qui avaient des marque-verres appareill\u00e9s ! Les convives\u00a0venaient de se mettre \u00e0 table apr\u00e8s avoir d\u00e9gust\u00e9 un grand bordeaux.\u00a0Comme les plats commen\u00e7aient \u00e0 circuler, Victoria toussa\u00a0et s\u2019\u00e9touffa. Tous se lev\u00e8rent pour lui porter secours, mais sa\u00a0t\u00eate plongea dans son assiette. Elle \u00e9tait morte\u2026 Elle venait\u00a0d\u2019\u00eatre empoisonn\u00e9e.<\/p>\n<p><strong>Les suspects :<\/strong><br \/>\n<strong>Jules Rockley :<\/strong> Mari et meilleur ami de Victoria. Armateur\u00a0puissant. Aurait-il voulu se d\u00e9lester d\u2019une cargaison g\u00eanante ?<\/p>\n<p><strong>Doroth\u00e9e O\u2019Neill :<\/strong> Soeur d\u00e9vou\u00e9e de Victoria, un peu\u00a0envieuse du succ\u00e8s mondain de sa soeur. Spirite \u00e0 ses heures,\u00a0a-t-elle eu des visions d\u2019une vie meilleure ?<\/p>\n<p><strong>William O\u2019Neill, dit \u00ab le Gros Bill \u00bb :<\/strong> Mari de\u00a0Doroth\u00e9e. Entrepreneur de transports tonitruant, toujours en train\u00a0de brasser des affaires compliqu\u00e9es. Dans quel p\u00e9trin s\u2019\u00e9tait-il mis\u00a0cette fois ?<\/p>\n<p><strong>Dominique Millot, dite \u00ab Dodo \u00bb :<\/strong> Veuve incendiaire,\u00a0voisine des Rockley, cherchant d\u00e9sesp\u00e9r\u00e9ment l\u2019amour. Qui\u00a0cette belle sir\u00e8ne a-t-elle attrap\u00e9 dans ses filets ?<\/p>\n<p><strong>Salom\u00e9 Millot :<\/strong> Fille de Dodo. \u00c9moustillante et fantasque,\u00a0elle obtient tout ce qu\u2019elle veut. Voulait-elle la t\u00eate de Victoria ?<\/p>\n<p><strong>Antoine Rockley :<\/strong> Fils de Jules et de Victoria. Bell\u00e2tre bon\u00a0\u00e0 rien, il se vautre dans le luxe et la luxure.<\/p>\n<p><strong>Robert Carrier :<\/strong> Bras droit et meilleur ami de Jules. Depuis\u00a0des g\u00e9n\u00e9rations, les Carrier travaillent pour les Rockley. Peut-\u00eatre\u00a0le moment \u00e9tait-il venu de changer de r\u00f4le ?<\/p>\n<p><strong>\u00c9velyne Bonneau :<\/strong> Assistante et confidente de Jules depuis\u00a0toujours, elle conna\u00eet tous les secrets des Rockley. Aurait-elle\u00a0d\u00e9cid\u00e9 d\u2019en profiter ?<\/p>\n<p><strong>CONTENU &#8211; Download &#8211; PDF files and Audio file<\/strong><\/p>\n<ol>\n<li>Le programme de la soir\u00e9e.<\/li>\n<li>Invitation.<\/li>\n<li>Huit livrets individuels.<\/li>\n<li>\u00c9tiquettes pour chaque joueur.<\/li>\n<li>Dossier Audio<\/li>\n<li>La cl\u00e9 de l\u2019\u00e9nigme fournie par l\u2019auteur.<\/li>\n<\/ol>\n","protected":false},"excerpt":{"rendered":"<p>La Derni\u00e8re Grande Bouffe Les Rockley donnaient l\u2019un de leurs somptueux d\u00eeners. Chez\u00a0eux, tout \u00e9tait pr\u00e9texte \u00e0 f\u00eate gastronomique : anniversaires,\u00a0bapt\u00eames, fian\u00e7ailles, retrouvailles, Halloween, Carnaval, soir\u00e9es\u00a0de bienfaisance, \u00e9v\u00e9nements mondains&#8230; Cette fois-ci, la liste\u00a0d\u2019invit\u00e9s \u00e9tait moins longue que d\u2019habitude \u2014 que des parents et\u00a0des amis proches. La table \u00e9tait n\u00e9anmoins royalement dress\u00e9e.\u00a0Encore une fois, Victoria s\u2019\u00e9tait [&hellip;]<\/p>\n","protected":false},"featured_media":65,"comment_status":"open","ping_status":"closed","template":"","meta":{"om_disable_all_campaigns":false,"_monsterinsights_skip_tracking":false,"_monsterinsights_sitenote_active":false,"_monsterinsights_sitenote_note":"","_monsterinsights_sitenote_category":0},"product_brand":[],"product_cat":[19],"product_tag":[],"class_list":{"0":"post-70","1":"product","2":"type-product","3":"status-publish","4":"has-post-thumbnail","6":"product_cat-une-soiree-de-meurtre-jeux-francais","8":"first","9":"instock","10":"downloadable","11":"virtual","12":"purchasable","13":"product-type-simple"},"aioseo_notices":[],"_links":{"self":[{"href":"https:\/\/www.aneveningofmurder.com\/index.php?rest_route=\/wp\/v2\/product\/70","targetHints":{"allow":["GET"]}}],"collection":[{"href":"https:\/\/www.aneveningofmurder.com\/index.php?rest_route=\/wp\/v2\/product"}],"about":[{"href":"https:\/\/www.aneveningofmurder.com\/index.php?rest_route=\/wp\/v2\/types\/product"}],"replies":[{"embeddable":true,"href":"https:\/\/www.aneveningofmurder.com\/index.php?rest_route=%2Fwp%2Fv2%2Fcomments&post=70"}],"wp:featuredmedia":[{"embeddable":true,"href":"https:\/\/www.aneveningofmurder.com\/index.php?rest_route=\/wp\/v2\/media\/65"}],"wp:attachment":[{"href":"https:\/\/www.aneveningofmurder.com\/index.php?rest_route=%2Fwp%2Fv2%2Fmedia&parent=70"}],"wp:term":[{"taxonomy":"product_brand","embeddable":true,"href":"https:\/\/www.aneveningofmurder.com\/index.php?rest_route=%2Fwp%2Fv2%2Fproduct_brand&post=70"},{"taxonomy":"product_cat","embeddable":true,"href":"https:\/\/www.aneveningofmurder.com\/index.php?rest_route=%2Fwp%2Fv2%2Fproduct_cat&post=70"},{"taxonomy":"product_tag","embeddable":true,"href":"https:\/\/www.aneveningofmurder.com\/index.php?rest_route=%2Fwp%2Fv2%2Fproduct_tag&post=70"}],"curies":[{"name":"wp","href":"https:\/\/api.w.org\/{rel}","templated":true}]}}