{"id":69,"date":"2019-06-24T16:02:11","date_gmt":"2019-06-24T16:02:11","guid":{"rendered":"http:\/\/stage.aneveningofmurder.com\/?post_type=product&#038;p=69"},"modified":"2025-04-23T17:57:12","modified_gmt":"2025-04-23T21:57:12","slug":"dernier-service","status":"publish","type":"product","link":"https:\/\/www.aneveningofmurder.com\/?product=dernier-service","title":{"rendered":"DERNIER SERVICE"},"content":{"rendered":"<p><strong>Dernier Service<\/strong><br \/>\nTout avait commenc\u00e9 comme n\u2019importe quelle autre soir\u00e9e au\u00a0bar-salon Chez Paulo. Le pianiste jouait de la musique douce,\u00a0mais il n\u2019\u00e9tait pas l\u2019attraction rincipale&#8230; Au bar \u00e9taient accoud\u00e9s de dr\u00f4les d\u2019oiseaux qui faisaient planer sur les lieux une atmosph\u00e8re insolite&#8230; On ne s\u2019ennuyait pas Chez Paulo !\u00a0Mais qui aurait cru que le clou de la soir\u00e9e allait \u00eatre un meurtre !!!<\/p>\n<p><strong>Les suspects<\/strong><br \/>\n<strong>Chlo\u00e9 Tremblay<\/strong> \u2013 Un pilier des lieux, toujours en qu\u00eate\u00a0d\u2019amour, toujours au mauvais endroit. Elle attend encore\u00a0l\u2019homme de sa vie. Mais le destin lui a peut-\u00eatre r\u00e9serv\u00e9 une autre\u00a0surprise.<\/p>\n<p><strong>Paul Richard<\/strong> \u2013 Un homme qui a ses entr\u00e9es dans le milieu\u00a0politique. Beau comme une star, avec toute l\u2019assurance qui vient\u00a0avec : aucune femme ne lui r\u00e9siste. Se serait-il fait damer le pion,\u00a0pour une fois ?<\/p>\n<p><strong>Alice Saint-Martin<\/strong> \u2013 Auteure de best-sellers, dont le prochain livre s\u2019intitule Vivre sans hommes. Cette f\u00e9ministe pure et dure\u00a0serait-elle sur le point de changer ses vues sur le monde ?<\/p>\n<p><strong>Bob Fortier<\/strong> \u2013 Barman et g\u00e9rant de Chez Paulo. Le meilleur\u00a0barman de la ville : il a m\u00eame un troph\u00e9e pour le prouver. Sa\u00a0devise : \u00ab Du style, du piquant et un service impeccable&#8230; \u00bb Un\u00a0petit meurtre avec \u00e7a ?<\/p>\n<p><strong>Stella Lamarre<\/strong> \u2013 Tireuse de tarot et habitu\u00e9e de Chez Paulo.\u00a0Faire d\u00e9couvrir aux gens leur avenir, c\u2019est sa sp\u00e9cialit\u00e9. Ses cartes\u00a0ne lui ont-elles pas annonc\u00e9 le meurtre ?<\/p>\n<p><strong>Denis Caron<\/strong> \u2013 Pianiste de bars-salons et grand admirateur de Charles Aznavour. Il joue \u00e0 l\u2019oreille et peut improviser sur n\u2019importe quoi&#8230;<\/p>\n<p><strong>Suzie Rodrigue<\/strong> \u2013 Serveuse et ancienne petite amie de Bob.\u00a0Elle travaille Chez Paulo depuis deux ans. Peut-\u00eatre avait-elle\u00a0d\u00e9cid\u00e9 d\u2019ajouter le meurtre au menu pour pimenter la vie.<\/p>\n<p><strong>Alex Bouchard<\/strong> \u2013 Magicien et prestidigitateur hors pair \u2013 le\u00a0ma\u00eetre de l\u2019illusion ! Quel tour de passe-passe a-t-il concoct\u00e9 ce\u00a0soir : un meurtre ?<\/p>\n<p><strong>CONTENU &#8211; Download &#8211; PDF files and Audio file<\/strong><\/p>\n<ol>\n<li>Le programme de la soir\u00e9e.<\/li>\n<li>Invitation.<\/li>\n<li>Huit livrets individuels.<\/li>\n<li>\u00c9tiquettes pour chaque joueur.<\/li>\n<li>Dossier Audio<\/li>\n<li>La cl\u00e9 de l\u2019\u00e9nigme fournie par l\u2019auteur.<\/li>\n<\/ol>\n","protected":false},"excerpt":{"rendered":"<p>Dernier Service Tout avait commenc\u00e9 comme n\u2019importe quelle autre soir\u00e9e au\u00a0bar-salon Chez Paulo. Le pianiste jouait de la musique douce,\u00a0mais il n\u2019\u00e9tait pas l\u2019attraction rincipale&#8230; Au bar \u00e9taient accoud\u00e9s de dr\u00f4les d\u2019oiseaux qui faisaient planer sur les lieux une atmosph\u00e8re insolite&#8230; On ne s\u2019ennuyait pas Chez Paulo !\u00a0Mais qui aurait cru que le clou de [&hellip;]<\/p>\n","protected":false},"featured_media":64,"comment_status":"open","ping_status":"closed","template":"","meta":{"om_disable_all_campaigns":false,"_monsterinsights_skip_tracking":false,"_monsterinsights_sitenote_active":false,"_monsterinsights_sitenote_note":"","_monsterinsights_sitenote_category":0},"product_cat":[19],"product_tag":[],"aioseo_notices":[],"_links":{"self":[{"href":"https:\/\/www.aneveningofmurder.com\/index.php?rest_route=\/wp\/v2\/product\/69"}],"collection":[{"href":"https:\/\/www.aneveningofmurder.com\/index.php?rest_route=\/wp\/v2\/product"}],"about":[{"href":"https:\/\/www.aneveningofmurder.com\/index.php?rest_route=\/wp\/v2\/types\/product"}],"replies":[{"embeddable":true,"href":"https:\/\/www.aneveningofmurder.com\/index.php?rest_route=%2Fwp%2Fv2%2Fcomments&post=69"}],"wp:featuredmedia":[{"embeddable":true,"href":"https:\/\/www.aneveningofmurder.com\/index.php?rest_route=\/wp\/v2\/media\/64"}],"wp:attachment":[{"href":"https:\/\/www.aneveningofmurder.com\/index.php?rest_route=%2Fwp%2Fv2%2Fmedia&parent=69"}],"wp:term":[{"taxonomy":"product_cat","embeddable":true,"href":"https:\/\/www.aneveningofmurder.com\/index.php?rest_route=%2Fwp%2Fv2%2Fproduct_cat&post=69"},{"taxonomy":"product_tag","embeddable":true,"href":"https:\/\/www.aneveningofmurder.com\/index.php?rest_route=%2Fwp%2Fv2%2Fproduct_tag&post=69"}],"curies":[{"name":"wp","href":"https:\/\/api.w.org\/{rel}","templated":true}]}}