{"id":62,"date":"2019-04-10T19:51:37","date_gmt":"2019-04-10T19:51:37","guid":{"rendered":"http:\/\/stage.aneveningofmurder.com\/?post_type=product&#038;p=62"},"modified":"2025-05-27T09:10:11","modified_gmt":"2025-05-27T13:10:11","slug":"les-jeux-sont-faits","status":"publish","type":"product","link":"https:\/\/www.aneveningofmurder.com\/?product=les-jeux-sont-faits","title":{"rendered":"LES JEUX SONT FAITS"},"content":{"rendered":"<p><strong>LES JEUX SONT FAITS<\/strong><br \/>\nC\u2019est arriv\u00e9 au Casino Magique \u00e0 Las Vegas, l\u2019endroit o\u00f9 on peut\u00a0faire ou perdre une fortune sur un coup de d\u00e9s. David Black,\u00a0directeur d\u2019une petite succursale bancaire \u00e0 Toronto, \u00e9tait tout\u00a0entier occup\u00e9 \u00e0 assouvir son obsessionnelle passion : Ie jeu&#8230;\u00a0et il \u00e9tait en train de gagner comme jamais ! Une foule s\u2019\u00e9tait\u00a0assembl\u00e9e autour de la table de d\u00e9s ou il jouait.\u00a0Soudain, une bagarre \u00e9clate. David Black porte les mains \u00e0 son\u00a0cou et, dans la seconde qui suit, s\u2019\u00e9croule ; un filet de sang\u00a0lui d\u00e9gouline dans Ie cou; il ne peut plus parler, il est comme\u00a0paralys\u00e9. Cinq minutes plus tard, Black a succomb\u00e9, sous l\u2019effet\u00a0fulgurant du curare.<\/p>\n<p><strong>Liste des suspects :<\/strong><br \/>\n<strong>Rose Adam :<\/strong> Retrait\u00e9e, qui menait une vie bien paisible, lorsque, il y a trois\u00a0jours, elle a gagn\u00e9 Ie million \u00e0 la loterie. Maintenant, elle s\u2019attaque au casino\u00a0et entend bien rattraper Ie temps perdu !<\/p>\n<p><strong>Joel O\u2019Goodle :<\/strong> Humoriste burlesque. II n\u2019en manque pas une. II pourrait\u00a0assommer un boeuf avec son sens de l\u2019humour.<\/p>\n<p><strong>Katia Morgan :<\/strong> Croupi\u00e8re au casino et danseuse de revues musicales. Elle a\u00a0de belles jambes, mais pas de chance. Continuera-t-elle longtemps \u00e0 donner\u00a0les cartes ou aurait-elle jou\u00e9 sa derni\u00e8re main ?<\/p>\n<p><strong>Nicki Kroisopoulos :<\/strong> Grec multimillionnaire, beau et suave. C\u2019est un joueur\u00a0de grande classe. II a des go\u00fbts luxueux et aime les jolies femmes. Serait-il\u00a0pr\u00eat \u00e0 risquer de tout perdre pour se venger ?<\/p>\n<p><strong>Mimi Daniels :<\/strong> Blonde et belle fianc\u00e9e du s\u00e9duisant Cr\u00e9sus. Ce n\u2019est pas\u00a0la t\u00eate \u00e0 Papineau, mais elle sait ce qu\u2019elle veut dans la vie&#8230; et elle sait\u00a0comment \u2019obtenir. H\u00e9las ! son monde serait-il sur Ie point de s\u2019\u00e9crouler?<\/p>\n<p><strong>Victor Bonello :<\/strong> Directeur du casino. II a les deux pieds sur terre, mais\u00a0sait mener sa barque! Faire de I\u2019argent, \u00e7a Ie conna\u00eet, vous pouvez parier\u00a0l\u00e0-dessus !<\/p>\n<p><strong>Amanda Soller :<\/strong> Propri\u00e9taire d\u2019une tr\u00e8s s\u00e9lecte agence d\u2019h\u00f4tesses. Elle en a\u00a0pour tous les go\u00fbts&#8230; et elle conna\u00eet les petits secrets de chacun&#8230;<\/p>\n<p><strong>Dr Marcus Fish :<\/strong> Chirurgien plastique de renomm\u00e9e mondiale. II a une tr\u00e8s\u00a0lucrative clinique \u00e0 Los Angeles. Jusqu\u2019o\u00f9 n\u2019irait-il pas pour sauver la face ?<\/p>\n<p><strong>CONTENU &#8211; Download &#8211; PDF files and Audio file<\/strong><\/p>\n<ol>\n<li>Le programme de la soir\u00e9e.<\/li>\n<li>Invitation.<\/li>\n<li>Huit livrets individuels.<\/li>\n<li>\u00c9tiquettes pour chaque joueur.<\/li>\n<li>Dossier Audio<\/li>\n<li>La cl\u00e9 de l\u2019\u00e9nigme fournie par l\u2019auteur.<\/li>\n<\/ol>\n<p>&nbsp;<\/p>\n<p>&nbsp;<\/p>\n","protected":false},"excerpt":{"rendered":"<p>LES JEUX SONT FAITS C\u2019est arriv\u00e9 au Casino Magique \u00e0 Las Vegas, l\u2019endroit o\u00f9 on peut\u00a0faire ou perdre une fortune sur un coup de d\u00e9s. David Black,\u00a0directeur d\u2019une petite succursale bancaire \u00e0 Toronto, \u00e9tait tout\u00a0entier occup\u00e9 \u00e0 assouvir son obsessionnelle passion : Ie jeu&#8230;\u00a0et il \u00e9tait en train de gagner comme jamais ! Une foule [&hellip;]<\/p>\n","protected":false},"featured_media":63,"comment_status":"open","ping_status":"closed","template":"","meta":{"om_disable_all_campaigns":false,"_monsterinsights_skip_tracking":false,"_monsterinsights_sitenote_active":false,"_monsterinsights_sitenote_note":"","_monsterinsights_sitenote_category":0},"product_cat":[19],"product_tag":[],"aioseo_notices":[],"_links":{"self":[{"href":"https:\/\/www.aneveningofmurder.com\/index.php?rest_route=\/wp\/v2\/product\/62"}],"collection":[{"href":"https:\/\/www.aneveningofmurder.com\/index.php?rest_route=\/wp\/v2\/product"}],"about":[{"href":"https:\/\/www.aneveningofmurder.com\/index.php?rest_route=\/wp\/v2\/types\/product"}],"replies":[{"embeddable":true,"href":"https:\/\/www.aneveningofmurder.com\/index.php?rest_route=%2Fwp%2Fv2%2Fcomments&post=62"}],"wp:featuredmedia":[{"embeddable":true,"href":"https:\/\/www.aneveningofmurder.com\/index.php?rest_route=\/wp\/v2\/media\/63"}],"wp:attachment":[{"href":"https:\/\/www.aneveningofmurder.com\/index.php?rest_route=%2Fwp%2Fv2%2Fmedia&parent=62"}],"wp:term":[{"taxonomy":"product_cat","embeddable":true,"href":"https:\/\/www.aneveningofmurder.com\/index.php?rest_route=%2Fwp%2Fv2%2Fproduct_cat&post=62"},{"taxonomy":"product_tag","embeddable":true,"href":"https:\/\/www.aneveningofmurder.com\/index.php?rest_route=%2Fwp%2Fv2%2Fproduct_tag&post=62"}],"curies":[{"name":"wp","href":"https:\/\/api.w.org\/{rel}","templated":true}]}}