{"id":131,"date":"2019-07-04T20:52:26","date_gmt":"2019-07-04T20:52:26","guid":{"rendered":"http:\/\/stage.aneveningofmurder.com\/?post_type=product&#038;p=131"},"modified":"2025-05-26T12:49:26","modified_gmt":"2025-05-26T16:49:26","slug":"studio-13","status":"publish","type":"product","link":"https:\/\/www.aneveningofmurder.com\/?product=studio-13","title":{"rendered":"STUDIO 13"},"content":{"rendered":"<p><strong>STUDIO 13<\/strong><\/p>\n<p>Le Studio 13 est un vieux centre cin\u00e9matographique\u00a0abandonn\u00e9 &#8211; v\u00e9ritable d\u00e9dale de locaux d\u00e9cr\u00e9pits reli\u00e9s par un\u00a0lacis de couloirs et de tunnels. Il a finalement \u00e9t\u00e9, ferm\u00e9, apr\u00e8s\u00a0la mort tragique, il y a deux ans, de Bobby King, I&#8217;acteur alors\u00a0le plus en vogue de Hollywood. C&#8217;\u00e9tait pendant le tournage\u00a0de Sortil\u00e8ges pour une star: un terrible incendie dans la loge\u00a0de King, dont on retrouva le corps tellement brul\u00e9 qu&#8217;il n&#8217;etait\u00a0m\u00eame pas possible de I&#8217;identifier. La rumeur courut qu&#8217;un\u00a0mauvais sort avait \u00e9t\u00e9 jet\u00e9 sur le studio et le film.<\/p>\n<p>L&#8217;enqu\u00eate conclut a une mort accidentelle, mais Jo\u00ebl, le fr\u00e8re\u00a0cadet de King, \u00e9tait convaincu que son fr\u00e8re avait \u00e9t\u00e9\u00a0assassin\u00e9 par I&#8217;un de vous. D\u00e9termin\u00e9 a le prouver, il a\u00a0pr\u00e9par\u00e9, sa mise en sc\u00e8ne. Le plateau est pr\u00eat, les cam\u00e9ras\u00a0peuvent \u00eatre lanc\u00e9es pour le dernier acte. Jo\u00ebl n&#8217;a oubli\u00e9\u00a0qu&#8217;une chose&#8230; un garde du corps.\u00a0A 8 heures sonnantes,\u00a0vous enlrez tous dans le studio. La porte se referme\u00a0violemment. Un corps git sur le plateau. Poignard\u00e9 !<\/p>\n<p>Jo\u00ebl est mort !<\/p>\n<p><strong>Les suspects<\/strong><\/p>\n<p><strong>JULIA POPESCO :\u00a0<\/strong>La star des m\u00e9diums et la m\u00e9dium des stars. Aurait-elle\u00a0envoy\u00e9 des ondes dans la mauvaise direction ?<\/p>\n<p><strong>\u00a0<\/strong><strong>ANTHOIVY DREKER :\u00a0<\/strong>L&#8217;animateur du talk-show le plus populaire en apr\u00e8s-midi.\u00a0Aucun sujet n&#8217;y est tabou. Faut-il un meurtre pour\u00a0augmenter encore son taux d&#8217;\u00e9coute ?<\/p>\n<p><strong>NIKI TAYLOR :\u00a0<\/strong>La reine des arts m\u00e9nagers \u00e0 la t\u00e9l\u00e9vision. Son potager\u00a0alimenterait un village, elle peut r\u00e9parer une cl\u00f4ture et\u00a0pr\u00e9parer des plats dignes d&#8217;un roi. Ne pourrait-elle\u00a0concevoir le crime parfait ?<\/p>\n<p><strong>PHILIP RENE LESAGE :\u00a0<\/strong>Le juge Lesage n&#8217;a jamais \u00e9t\u00e9, un tendre. Encore moins\u00a0depuis qu&#8217;il juge des proc\u00e8s simul\u00e9s d la t\u00e9l\u00e9vision. Sont-ce\u00a0seulement ses propos qui sont coupants comme un\u00a0rasoir ?<\/p>\n<p><strong>CAROLINE MOORE :\u00a0<\/strong>La plus grande star hollywoodienne. Le charme le plus\u00a0envoutant de m\u00e9moire d&#8217;homme. Sa beaut\u00e9 serait-elle\u00a0vraiment fatale ?<\/p>\n<p><strong>SERGIO POLITO :\u00a0<\/strong>C&#8217;est lui l&#8217;acteur en vogue \u00e0 Hollywood, maintenant. Que\u00a0ne ferait-il pas pour \u00e9liminer les concurrents ? N&#8217;aurait-il\u00a0pas tenu le r\u00f4le principal dans le meurtre de Bobby King ?<\/p>\n<p><strong>SUZANNE THOMAS :\u00a0<\/strong>R\u00e9dactrice en chef et propri\u00e9taire d&#8217;un des plus grands\u00a0magazines \u00e0 potins. Elle peut assassiner n&#8217;importe qui de\u00a0sa plume. Seulement de sa plume ?<\/p>\n<p><strong>ALEXANDRE WATTER :\u00a0<\/strong>L&#8217;animateur radio \u00e0 la mode. Vulgarit\u00e9 et m\u00e9chancet\u00e9 sont\u00a0ses images de marque. Il se repa\u00eet du sang de ses victimes.\u00a0C&#8217;est peut-\u00eatre de la prison que sa prochaine \u00e9mission sera\u00a0diffus\u00e9e&#8230;<\/p>\n<p><strong>CONTENU Download &#8211; PDF files and Audio file<\/strong><\/p>\n<ol>\n<li>Le programme de la soir\u00e9e.<\/li>\n<li>Invitation.<\/li>\n<li>Huit livrets individuels.<\/li>\n<li>\u00c9tiquettes pour chaque joueur.<\/li>\n<li>Dossier Audio<\/li>\n<li>La cl\u00e9 de l\u2019\u00e9nigme fournie par l\u2019auteur.<\/li>\n<\/ol>\n","protected":false},"excerpt":{"rendered":"<p>STUDIO 13 Le Studio 13 est un vieux centre cin\u00e9matographique\u00a0abandonn\u00e9 &#8211; v\u00e9ritable d\u00e9dale de locaux d\u00e9cr\u00e9pits reli\u00e9s par un\u00a0lacis de couloirs et de tunnels. Il a finalement \u00e9t\u00e9, ferm\u00e9, apr\u00e8s\u00a0la mort tragique, il y a deux ans, de Bobby King, I&#8217;acteur alors\u00a0le plus en vogue de Hollywood. C&#8217;\u00e9tait pendant le tournage\u00a0de Sortil\u00e8ges pour une star: [&hellip;]<\/p>\n","protected":false},"featured_media":146,"comment_status":"open","ping_status":"closed","template":"","meta":{"om_disable_all_campaigns":false,"_monsterinsights_skip_tracking":false,"_monsterinsights_sitenote_active":false,"_monsterinsights_sitenote_note":"","_monsterinsights_sitenote_category":0},"product_cat":[19],"product_tag":[],"aioseo_notices":[],"_links":{"self":[{"href":"https:\/\/www.aneveningofmurder.com\/index.php?rest_route=\/wp\/v2\/product\/131"}],"collection":[{"href":"https:\/\/www.aneveningofmurder.com\/index.php?rest_route=\/wp\/v2\/product"}],"about":[{"href":"https:\/\/www.aneveningofmurder.com\/index.php?rest_route=\/wp\/v2\/types\/product"}],"replies":[{"embeddable":true,"href":"https:\/\/www.aneveningofmurder.com\/index.php?rest_route=%2Fwp%2Fv2%2Fcomments&post=131"}],"wp:featuredmedia":[{"embeddable":true,"href":"https:\/\/www.aneveningofmurder.com\/index.php?rest_route=\/wp\/v2\/media\/146"}],"wp:attachment":[{"href":"https:\/\/www.aneveningofmurder.com\/index.php?rest_route=%2Fwp%2Fv2%2Fmedia&parent=131"}],"wp:term":[{"taxonomy":"product_cat","embeddable":true,"href":"https:\/\/www.aneveningofmurder.com\/index.php?rest_route=%2Fwp%2Fv2%2Fproduct_cat&post=131"},{"taxonomy":"product_tag","embeddable":true,"href":"https:\/\/www.aneveningofmurder.com\/index.php?rest_route=%2Fwp%2Fv2%2Fproduct_tag&post=131"}],"curies":[{"name":"wp","href":"https:\/\/api.w.org\/{rel}","templated":true}]}}